{"id":3798,"date":"2022-08-01T13:42:36","date_gmt":"2022-08-01T11:42:36","guid":{"rendered":"http:\/\/domainedebra.be\/terms-and-conditions-of-sale\/"},"modified":"2025-01-22T09:14:51","modified_gmt":"2025-01-22T08:14:51","slug":"terms-and-conditions-of-sale","status":"publish","type":"page","link":"https:\/\/domainedebra.be\/en\/terms-and-conditions-of-sale\/","title":{"rendered":"Terms and conditions of sale"},"content":{"rendered":"\t\t<div data-elementor-type=\"wp-page\" data-elementor-id=\"3798\" class=\"elementor elementor-3798 elementor-3\" data-elementor-settings=\"{&quot;ha_cmc_init_switcher&quot;:&quot;no&quot;}\" data-elementor-post-type=\"page\">\n\t\t\t\t\t\t<section class=\"elementor-section elementor-top-section elementor-element elementor-element-295707e3 elementor-section-boxed elementor-section-height-default elementor-section-height-default\" data-id=\"295707e3\" data-element_type=\"section\" data-e-type=\"section\" data-settings=\"{&quot;jet_parallax_layout_list&quot;:[],&quot;background_background&quot;:&quot;classic&quot;,&quot;_ha_eqh_enable&quot;:false}\">\n\t\t\t\t\t\t<div class=\"elementor-container elementor-column-gap-default\">\n\t\t\t\t\t<div class=\"elementor-column elementor-col-100 elementor-top-column elementor-element elementor-element-76e00861\" data-id=\"76e00861\" data-element_type=\"column\" data-e-type=\"column\">\n\t\t\t<div class=\"elementor-widget-wrap elementor-element-populated\">\n\t\t\t\t\t\t<div class=\"elementor-element elementor-element-55694b9 elementor-invisible elementor-widget elementor-widget-text-editor\" data-id=\"55694b9\" data-element_type=\"widget\" data-e-type=\"widget\" data-settings=\"{&quot;_animation&quot;:&quot;fadeIn&quot;}\" data-widget_type=\"text-editor.default\">\n\t\t\t\t<div class=\"elementor-widget-container\">\n\t\t\t\t\t\t\t\t\tTerms and conditions of sale\t\t\t\t\t\t\t\t<\/div>\n\t\t\t\t<\/div>\n\t\t\t\t<div class=\"elementor-element elementor-element-4ef053db elementor-widget elementor-widget-text-editor\" data-id=\"4ef053db\" data-element_type=\"widget\" data-e-type=\"widget\" data-widget_type=\"text-editor.default\">\n\t\t\t\t<div class=\"elementor-widget-container\">\n\t\t\t\t\t\t\t\t\t<strong>1. Subject<\/strong>\r\nThese conditions form an integral part of this hotel contract. Any derogation must be made in writing.\u2028 They apply to the exclusion of all general terms and conditions of sale, which appear on documents issued by the client and\/or the contracting party insofar as they are contrary to the former.\r\nThe customer&#8217;s and\/or contractor&#8217;s agreement to these terms and conditions is obtained at the time of booking. No reservation is possible without this agreement. The customer and\/or contracting party has the option of saving and printing these general terms and conditions.\r\n<strong>2. Scope of application<\/strong>\r\n\r\nThese general terms and conditions of sale apply to all bookings made by internet, via the hotel&#8217;s website, by email or by telephone.\r\n<strong>3. The contracting parties<\/strong>\r\n\r\nA person staying overnight at the hotel is not necessarily a contracting party: a hotel contract may be concluded on their behalf by a third party.\r\nFor the purposes of these general terms and conditions of sale, the term &#8220;contracting party&#8221; means the natural or legal person who enters into a hotel reservation contract and\/or who is required to make a payment (as consideration). The term &#8220;guest&#8221; refers to the natural person(s) who intends to stay at the hotel.\r\n\r\n<strong>4. Right of withdrawal<\/strong>\r\nThe contracting party and\/or the private customer acting for his\/her own personal needs does not have the right to cancel the purchase in the case of a reservation made less than 3 calendar days before the start of the services. Private customers do not have the right to cancel their purchase in the case of special offers (non-refundable bookings) or in the case of bookings for the organisation of events.\r\nThe contracting party and\/or business customer has no right of withdrawal, unless expressly agreed otherwise by the hotelier.\r\n<strong>5. Form of contract<\/strong>\r\n\r\nNo particular form of contract is prescribed. The contract is concluded when one party accepts the offer made by the other party. In the event of a written contract, the hotelier must indicate the dates and times of the guest&#8217;s arrival and departure, as well as the agreed price, a description of the services requested and the amount of any deposit.\r\n\r\n<strong>6. Hotel contract and complaints<\/strong>\r\n\r\nIn accordance with the hotel contract, the hotelier is obliged to provide the guest with accommodation and the usual services. By this is meant the usual services of the hotel according to its category, including the rooms and the various communal facilities generally available to guests.\r\nThe contracting party is obliged to pay the agreed price.\r\nComplaints relating to the services provided cannot be accepted if they are not received in writing by the hotelier within seven days of the services being provided.\r\n<strong>7. Prices<\/strong>\r\nThe Hotel Owner&#8217;s price quotations are non-binding and without obligation until confirmed in writing by the Hotel Owner.\r\n<strong>8. Services<\/strong>\r\nServices shall be provided at the location of the hotel, unless otherwise agreed in writing and without prejudice to the application of Article 22 of these General Terms and Conditions.\r\n\r\n<strong>9. Duration of the night booked<\/strong>\r\n\r\nIf a specific number of nights has been booked by the customer, the start and end dates must be indicated in the hotel contract.\r\nThe contract ends on the day following the guest&#8217;s arrival, no later than 11 a.m. if no contract for more than one day has been requested and accepted.\r\nIf the number of nights booked is not specified, the hotel contract is deemed to have been concluded for several consecutive days.\u2028In this case, one of the parties must give notice, ending no later than 11 a.m. on the following day, so that the contract can be terminated.\r\nNotice given by the hotelier to the guest shall be deemed to have been given to the contracting party and shall take place in accordance with the provisions mentioned above.\r\nNotice shall be confirmed in writing to the contracting party.\r\n<strong>10. Telephone reservations<\/strong>\r\n\r\nA telephone reservation accepted by the hotel owner is valid only until 10 p.m.. In addition, for all reservations, a guarantee of payment will be required, either by bank transfer or by a deposit taken directly from the customer&#8217;s credit card.\r\n\r\n<strong>11. Late arrival<\/strong>\r\nIn the event of late arrival, the customer must inform the hotel owner and specify the time of arrival.\r\nA late arrival, i.e. after the agreed time, which has not been notified by the customer will automatically incur a late arrival charge of \u20ac15.00.\r\n\r\n<strong>12. Reservation<\/strong>\r\nThe customer chooses the services presented on the website of the hotel establishment or on the internet.\r\nThe customer acknowledges that he\/she has taken note of the nature, destination and reservation terms of the services available on the site or by internet and that he\/she has requested and obtained the necessary and\/or additional information to make his\/her reservation with full knowledge of the facts.\r\nThe customer is solely responsible for their choice of services and their suitability to their needs such that the responsibility\u0301 of the hotel establishment cannot be sought in this respect.\r\nAll reservations must be accompanied by a valid credit card number, its expiry date and the name of its holder in order to guarantee it. In the event of a &#8220;no show&#8221; (customer not present &#8211; reservation not cancelled), the credit card left as a guarantee will be debited for the amounts due and as a flat-rate indemnity.\r\nThe customer undertakes not to conclude several contracts for the same service with several hotels. Any breach of this rule authorises the hotel to cancel the contract unilaterally, without prejudice to the application of the provisions of article 20. No compensation may be claimed by the client.\r\n\r\n<strong>13. Payment<\/strong>\r\n\r\nThe hotel owner may request a full or partial deposit (see Article 14), and if the hotel owner receives a sum of money in advance from the client, this payment shall be considered as a deposit on the contractual price, unless otherwise stipulated in the contract.\r\nThe hotel&#8217;s invoices are payable in cash on presentation and at the latest on the day of departure.\r\nUnless otherwise stipulated, the hotel is under no obligation to accept cheques, foreign currency, credit cards\r\nor other deferred means of payment, and payment must be made in the currency of the country in which the hotelier is established.\u2028 The contracting party shall be responsible for payment of all services provided to the customer, as well as those services determined at the conclusion of the contract, unless otherwise stipulated in writing that the cost shall be invoiced to the customer. The hotelier&#8217;s invoices are payable at the address of the establishment&#8217;s registered office.\r\nAny price reduction, discount or commission granted by the hotelier shall lapse in the event of non-payment of the invoice on the due date.\r\nIn the event of non-payment on the due date, the amount of the invoice will be increased by a flat-rate of 15% by way of compensation without summons or formal notice, with a minimum of 75 euros. Interest on late payment will be 1% per month from the due date.\r\nThese penalties are reciprocal in the case of sums owed by the hotelier.\r\n\r\n<strong>14. Deposit<\/strong>\r\nThe deposit, which represents 50% of the total amount for the contractually agreed services, must be paid immediately to the hotelier at the time of booking. During the high season, the hotelier may ask for a deposit of 100% of the total cost of the stay at the time of booking, with prior notice to the customer. In the event of non-payment, the hotelier has the right to cancel the hotel reservation without prior notice.\r\nFor bookings made by a professional contractor and for group bookings (i.e. of at least 5 rooms) for which a guarantee without credit card number and expiry date has not been communicated before the start date of the contract, 50% of the total amount must be paid on booking and the other 50% must be paid 3 days before arrival.\r\n\r\n<strong>15. Hotelier&#8217;s liability and hotel deposit<\/strong>\r\n\r\nThe hotel owner shall not be liable for damage caused by an event that he was unable to prevent (force majeure), despite taking the necessary precautions, due to the circumstances and consequences, or in the event of theft by force majeure.\r\nNor is it liable for damage caused by the customer&#8217;s error or negligence, even partial. In this respect, the guest is obliged in particular to inform the hotel owner of any valuables in his\/her possession.\r\nFor the rest, storage and the hotelier&#8217;s liability are governed by Articles 1952 to 1954c of the Civil Code.\r\n<strong>16. Right of retention of items brought by the guest<\/strong>\r\n\r\nThe hotel has a right of retention as a guarantee of payment of the sums owed to it and, ultimately, a right of sale at market value on the objects and all accessories brought by the client.\r\n\r\n<strong>17. Liability of the guest\/contractor &#8211; conduct of the guest<\/strong>\r\nThe client and the contracting party are jointly and severally liable to the hotel owner for any damage caused to persons, the building, the furniture or the equipment of the hotel and places accessible to the public.\r\nGuests must behave in accordance with the customs and regulations of the hotel where they are staying. Any serious or repeated breach of these rules entitles the hotelier to terminate the contract without notice and without prejudice to any damages.\r\nIn particular, the customer accepts and undertakes to use the room and the equipment made available to him\/her (including any Internet access) in a responsible manner. Therefore, any behaviour contrary to good morals and public order will lead the hotelier to ask the customer to leave the establishment without any compensation and\/or without any reimbursement if payment has already been made, without prejudice to criminal proceedings and\/or additional damages and interest.\r\n<strong>18. Pets<\/strong>\r\n\r\nPets are tolerated in the hotel.\r\n<p style=\"font-weight: 400;\"><strong>REGLEMENTATION GENERALE POUR L\u2019HEBERGEMENT D\u2019ANIMAUX DE COMPAGNIE<\/strong><\/p>\r\n\r\n<ol>\r\n \t<li>Nous acceptons <strong>un seul animal de compagnie par chambre<\/strong><\/li>\r\n \t<li>Nous facturons <strong>30 euros de frais de nettoyage par nuit<\/strong><\/li>\r\n \t<li><strong>Votre chien doit \u00eatre sec et propre pour rentrer dans l\u2019h\u00f4tel (merci de vous munir du mat\u00e9riel n\u00e9cessaire)<\/strong><\/li>\r\n \t<li><strong>Le proprie\u0301taire est responsable des dommages cause\u0301s par son animal<\/strong> de compagnie, que ce soit aupre\u0300s des personnes ou du mobilier. Le montant des dommages cause\u0301s pendant le se\u0301jour sera facture\u0301 a\u0300 la fin du se\u0301jour<\/li>\r\n \t<li>Le domaine de Bra se re\u0301serve le droit de ne pas accepter les animaux de compagnie d\u00e9rangeant les autres clients ou ayant un comportement inappropri\u00e9\u0301 pendant le se\u0301jour<\/li>\r\n \t<li>Le client doit e\u0302tre responsable a\u0300 tout moment de son animal de compagnie ainsi que de son comportement<\/li>\r\n \t<li>Les chiens de races PPP ne peuvent <u>pas<\/u> s\u00e9journer a\u0300 l\u2019ho\u0302tel<\/li>\r\n \t<li>Votre animal de compagnie ne pourra sous aucun pre\u0301texte se soulager au sein des installation de l\u2019ho\u0302tel ; Il dispose d\u2019espaces verts. N\u2019oubliez pas de ramasser les selles de votre animal de compagnie.<\/li>\r\n \t<li>Pour entrer et sortir des installations de l\u2019ho\u0302tel , vous devrez <strong>toujours tenir votre animal en laisse<\/strong><\/li>\r\n \t<li><strong>Votre animal de compagnie ne pourra a\u0300 aucun moment rester seul dans la chambre<\/strong>, afin d\u2019\u00e9viter tout aboiement ou pleur pouvant occasionner des d\u00e9sagr\u00e9ments aux autres clients qui y s\u00e9journent, ainsi que tout d\u00e9g\u00e2t au mobilier de la chambre.<\/li>\r\n<\/ol>\r\n11. Your pet is welcome in the restaurant\r\n\r\n12. If the pet is not in the room, please inform the hotel staff so that the room can be cleaned.\r\n\r\n13. It is strictly forbidden to wash your pet in the shower or to use the hotel&#8217;s laundry to dry it.\r\n\r\n<strong>The customer undertakes to respect these rules, and if necessary to fully compensate the hotel for any damage or inconvenience suffered.<\/strong>\r\n\r\n<strong>19. Occupancy and release of rooms<\/strong>\r\n\r\nUnless otherwise stipulated in the contract, rooms reserved for a guest must be available by 5 p.m. and rooms for guests leaving the hotel must be vacated by 10 a.m.\r\n<strong>20. Checking travelers<\/strong>\r\n\r\nOn arrival at the hotel, guests are required to present their identity papers so that they can be registered on the police form, which they must sign.\r\n<strong>21. Cancellation and modification of a reservation by a private customer acting on his\/her own behalf<\/strong>\r\nThe contracting party and\/or private customer may cancel or modify their booking free of charge provided that this cancellation or modification is made at least 3 calendar days before the start of the service.\r\n&#8211; In the event of cancellation within 3 days of the arrival date, the full amount of the reservation will be charged to the customer\/contractor.\r\n&#8211; In the event of a &#8220;no show&#8221; (reservation not cancelled, client not present), the full amount of the reservation will be payable by the client\/contractor. An unannounced late arrival will be considered a no-show.\r\n\r\n<strong>22. Cancellation or modification of a reservation for a group (minimum 5 rooms) or a reservation by a professional client\/contractor or a reservation for an event.<\/strong>\r\nBooking conditions\r\nThe amounts and percentages of the conditions below are payable by customers in the event of cancellation.\r\nSpecial conditions apply to group bookings(*).\r\nGeneral conditions (individual bookings)\r\n&#8211; Less than 48 hours before arrival date : 1st night\r\nSpecial conditions (groups*)\r\n&#8211; 7 to 0 days before date of arrival: 100% discount\r\n&#8211; From 21 to 8 days before arrival date: 50\r\n&#8211; From 1000 to 22 days before arrival: 25 EUR\r\n(*)groups = bookings of 3 rooms or more.\r\nSpecial conditions for private use of the estate\r\n&#8211; From 100 to 0 days before date of arrival: 100% discount\r\n&#8211; From 200 to 101 days before arrival: 50\r\n&#8211; More than 200 days: 250 administration fee.\r\n\r\n<strong>23. Cancellation or modification of a reservation by the hotelier<\/strong>\r\nIf the hotelier is unable to fulfil the contract, he may offer the client an arrangement of equivalent or higher quality or category. Any resulting difference in price shall be borne by the hotelier.\r\nIf the hotelier fails to offer the contractually agreed accommodation or similar accommodation, the hotelier shall be liable to the client\/contractor for liquidated damages of EUR 75 per night agreed and not offered.\r\nNevertheless, the hotelier may release himself from his obligations or suspend their performance if he finds himself unable to fulfil them due to the occurrence of an event beyond his control or beyond his control, as well as in the event of force majeure, and in particular in the event of partial or total destruction of the hotel, strike, disaster, fire, internal or external technical accident and in general in the event of any event preventing the proper performance of the service.\r\n<strong>24. Respect for privacy<\/strong>\r\n\r\nThe information requested from the customer\/contractor at the reservation stage is necessary for the hotelier to record and confirm the reservation.\r\nUnless the customer\/contractor objects, the hotelier may use his\/her e-mail address to send him\/her a newsletter, promotional offers or an invitation to complete an online satisfaction questionnaire following his\/her stay.\r\n\r\n<strong>25. Validity<\/strong>\r\nThe validity of these General Terms and Conditions shall not be affected by the invalidity of any of its provisions.\r\n<strong>26. Applicable law<\/strong>\r\nThe hotel reservation contract is governed by Belgian law. All disputes arising from this contract shall be settled by the competent court in the place where the hotel is located.\t\t\t\t\t\t\t\t<\/div>\n\t\t\t\t<\/div>\n\t\t\t\t\t<\/div>\n\t\t<\/div>\n\t\t\t\t\t<\/div>\n\t\t<\/section>\n\t\t\t\t<\/div>\n\t\t","protected":false},"excerpt":{"rendered":"<p>1. Subject These conditions form an integral part of this hotel contract. Any derogation must be made in writing.\u2028 They apply to the exclusion of all general terms and conditions of sale, which appear on documents issued by the client and\/or the contracting party insofar as they are contrary to the former. The customer&#8217;s and\/or [&hellip;]<\/p>\n","protected":false},"author":1,"featured_media":0,"parent":0,"menu_order":0,"comment_status":"closed","ping_status":"open","template":"","meta":{"footnotes":""},"class_list":["post-3798","page","type-page","status-publish","hentry"],"_links":{"self":[{"href":"https:\/\/domainedebra.be\/en\/wp-json\/wp\/v2\/pages\/3798","targetHints":{"allow":["GET"]}}],"collection":[{"href":"https:\/\/domainedebra.be\/en\/wp-json\/wp\/v2\/pages"}],"about":[{"href":"https:\/\/domainedebra.be\/en\/wp-json\/wp\/v2\/types\/page"}],"author":[{"embeddable":true,"href":"https:\/\/domainedebra.be\/en\/wp-json\/wp\/v2\/users\/1"}],"replies":[{"embeddable":true,"href":"https:\/\/domainedebra.be\/en\/wp-json\/wp\/v2\/comments?post=3798"}],"version-history":[{"count":4,"href":"https:\/\/domainedebra.be\/en\/wp-json\/wp\/v2\/pages\/3798\/revisions"}],"predecessor-version":[{"id":4482,"href":"https:\/\/domainedebra.be\/en\/wp-json\/wp\/v2\/pages\/3798\/revisions\/4482"}],"wp:attachment":[{"href":"https:\/\/domainedebra.be\/en\/wp-json\/wp\/v2\/media?parent=3798"}],"curies":[{"name":"wp","href":"https:\/\/api.w.org\/{rel}","templated":true}]}}